{"id":815,"date":"2024-01-20T13:38:50","date_gmt":"2024-01-20T12:38:50","guid":{"rendered":"https:\/\/mornarchitects.com\/?page_id=815"},"modified":"2024-07-16T11:37:04","modified_gmt":"2024-07-16T09:37:04","slug":"about-us","status":"publish","type":"page","link":"https:\/\/mornarchitects.com\/sp\/about-us\/","title":{"rendered":"Sobre nosotros"},"content":{"rendered":"<div class=\"wp-block-stackable-text stk-block-text stk-block stk-8e1aacb\" data-block-id=\"8e1aacb\"><style>.stk-8e1aacb{margin-bottom:0px !important}<\/style><p class=\"stk-block-text__text\">Morn es un estudio de visualizaci\u00f3n de alta gama dedicado a la producci\u00f3n de excelentes trabajos de renderizaci\u00f3n para arquitectos y dise\u00f1adores de interiores de todo el mundo.<\/p><\/div>\n\n\n\n<p>Nuestro compromiso inquebrantable es ofrecer renders excepcionales que trasciendan los l\u00edmites geogr\u00e1ficos.<\/p>\n\n\n\n<p>Como arquitectos de coraz\u00f3n, nos posicionamos como completos colaboradores en cada proyecto que emprendemos. Manteniendo comunicaci\u00f3n fluida con nuestros clientes, comprendemos diligentemente los requisitos exclusivos de cada render, al tiempo que aportamos nuestra propia experiencia.<\/p>\n\n\n\n<p>A trav\u00e9s de una meticulosa interacci\u00f3n de composici\u00f3n, luz, materialidad y contexto, creamos renders que van m\u00e1s all\u00e1 de lo ordinario, causando un impacto duradero en el mundo de la visualizaci\u00f3n arquitect\u00f3nica.<\/p>\n\n\n\n<p>Acomp\u00e1\u00f1enos en un viaje en el que la visualizaci\u00f3n se convierte en arte y la arquitectura cobra vida.<\/p>\n\n\n\n<p><\/p>\n\n\n\n<div class=\"wp-block-stackable-text stk-block-text stk-block stk-3415dbf\" data-block-id=\"3415dbf\"><style>.stk-3415dbf{margin-bottom:0px !important}<\/style><p class=\"stk-block-text__text\">Services:<\/p><\/div>\n\n\n\n<ul class=\"wp-block-list\">\n<li>Architecture<\/li>\n\n\n\n<li>Planning<\/li>\n\n\n\n<li>CGIs<\/li>\n\n\n\n<li>Animaci\u00f3n<\/li>\n\n\n\n<li>Dise\u00f1o interior &amp; estilismo<\/li>\n\n\n\n<li>Realidad virtual<\/li>\n\n\n\n<li>Fotograf\u00eda<\/li>\n\n\n\n<li>Experiencias 3D interactivas<\/li>\n\n\n\n<li>Fotograf\u00eda de dron<\/li>\n\n\n\n<li>Metaverso\/Web 3.0<\/li>\n<\/ul>","protected":false},"excerpt":{"rendered":"<p>Morn is a high-end visualization studio dedicated to producing outstanding rendered works for architects and interior designers worldwide. Our unwavering commitment is to deliver exceptional renderings that transcend geographical boundaries. As architects at heart, we position ourselves as integral collaborators in every project we undertake. Maintaining open channels of communication with our clients, we diligently [&hellip;]<\/p>","protected":false},"author":1,"featured_media":0,"parent":0,"menu_order":1,"comment_status":"closed","ping_status":"closed","template":"","meta":{"om_disable_all_campaigns":false,"_monsterinsights_skip_tracking":false,"_monsterinsights_sitenote_active":false,"_monsterinsights_sitenote_note":"","_monsterinsights_sitenote_category":0,"_vp_format_video_url":"","_vp_image_focal_point":[],"footnotes":""},"class_list":["post-815","page","type-page","status-publish","hentry"],"aioseo_notices":[],"_links":{"self":[{"href":"https:\/\/mornarchitects.com\/sp\/wp-json\/wp\/v2\/pages\/815","targetHints":{"allow":["GET"]}}],"collection":[{"href":"https:\/\/mornarchitects.com\/sp\/wp-json\/wp\/v2\/pages"}],"about":[{"href":"https:\/\/mornarchitects.com\/sp\/wp-json\/wp\/v2\/types\/page"}],"author":[{"embeddable":true,"href":"https:\/\/mornarchitects.com\/sp\/wp-json\/wp\/v2\/users\/1"}],"replies":[{"embeddable":true,"href":"https:\/\/mornarchitects.com\/sp\/wp-json\/wp\/v2\/comments?post=815"}],"version-history":[{"count":5,"href":"https:\/\/mornarchitects.com\/sp\/wp-json\/wp\/v2\/pages\/815\/revisions"}],"predecessor-version":[{"id":1142,"href":"https:\/\/mornarchitects.com\/sp\/wp-json\/wp\/v2\/pages\/815\/revisions\/1142"}],"wp:attachment":[{"href":"https:\/\/mornarchitects.com\/sp\/wp-json\/wp\/v2\/media?parent=815"}],"curies":[{"name":"wp","href":"https:\/\/api.w.org\/{rel}","templated":true}]}}