{"id":765,"date":"2022-02-23T21:05:43","date_gmt":"2022-02-23T21:05:43","guid":{"rendered":"https:\/\/demo.creativethemes.com\/stagingfour\/?page_id=765"},"modified":"2025-04-30T16:43:39","modified_gmt":"2025-04-30T14:43:39","slug":"contact-us","status":"publish","type":"page","link":"https:\/\/mornarchitects.com\/sp\/contact-us\/","title":{"rendered":"Contacto"},"content":{"rendered":"<div class=\"wp-block-stackable-spacer stk-block-spacer stk--no-padding stk-block stk-6090630\" data-block-id=\"6090630\"><style>.stk-6090630 {height:50px !important;}<\/style><\/div>\n\n\n\n<div class=\"wp-block-stackable-columns aligncenter stk-block-columns stk-block stk-1dc5942\" data-block-id=\"1dc5942\"><style>.stk-1dc5942 .stk--block-align-1dc5942{align-items:center !important;}.stk-1dc5942 {margin-bottom:0px !important;}.stk-1dc5942-column{--stk-columns-spacing:0px !important;--stk-column-gap:35px !important;row-gap:0px !important;}@media screen and (max-width: 767px){.stk-1dc5942-column{row-gap:35px !important;}}<\/style><div class=\"stk-row stk-inner-blocks stk--block-align-1dc5942 stk-block-content stk-content-align stk-1dc5942-column\">\n<div class=\"wp-block-stackable-column stk-block-column stk-column stk-block stk-93c6013\" data-v=\"4\" data-block-id=\"93c6013\"><style>.stk-93c6013-container{margin-top:0px !important;margin-right:0px !important;margin-bottom:0px !important;margin-left:0px !important;}<\/style><div class=\"stk-column-wrapper stk-block-column__content stk-container stk-93c6013-container stk--no-background stk--no-padding\"><div class=\"has-text-align-left has-text-align-center-mobile stk-block-content stk-inner-blocks stk-93c6013-inner-blocks\">\n<div class=\"wp-block-stackable-text stk-block-text stk-block stk-4cd3df7\" data-block-id=\"4cd3df7\"><style>.stk-4cd3df7 {margin-bottom:16px !important;}.stk-4cd3df7 .stk-block-text__text{color:var(--theme-palette-color-1, #e65616) !important;font-weight:900 !important;text-transform:uppercase !important;}<\/style><p class=\"stk-block-text__text has-text-color has-palette-color-1-color has-text-align-center-mobile\">Contactar<\/p><\/div>\n\n\n\n<div class=\"wp-block-stackable-heading stk-block-heading stk-block-heading--v2 stk-block stk-409217e\" id=\"lets-talk-about-your-project\" data-block-id=\"409217e\"><style>.stk-409217e {margin-bottom:30px !important;}.stk-409217e .stk-block-heading__text{font-size:60px !important;line-height:1em !important;font-weight:800 !important;}@media screen and (max-width: 1023px){.stk-409217e .stk-block-heading__text{font-size:40px !important;}}<\/style><h2 class=\"stk-block-heading__text has-text-align-center-mobile\">Hablemos de su proyecto<\/h2><\/div>\n\n\n\n<div class=\"wp-block-stackable-text stk-block-text stk-block stk-8703991\" data-block-id=\"8703991\"><style>.stk-8703991 {margin-bottom:35px !important;}<\/style><p class=\"stk-block-text__text has-text-align-center-mobile\">En Morn valoramos profundamente la oportunidad de estar en contacto con usted. Si tiene alguna consulta sobre nuestros servicios, propuestas de colaboraci\u00f3n o cualquier otra cuesti\u00f3n relacionada con la arquitectura y el dise\u00f1o, no dude en utilizar los datos de contacto que figuran a continuaci\u00f3n.<\/p><\/div>\n\n\n<div class=\"wpforms-container wpforms-block wpforms-block-ce531d49-09ab-4647-8436-4bf4ab51aa2c wpforms-render-modern\" id=\"wpforms-378\"><form id=\"wpforms-form-378\" class=\"wpforms-validate wpforms-form\" data-formid=\"378\" method=\"post\" enctype=\"multipart\/form-data\" action=\"\/sp\/wp-json\/wp\/v2\/pages\/765\" data-token=\"845be24711a13347f551d7442dc67d24\" data-token-time=\"1775719332\" data-trp-original-action=\"\/sp\/wp-json\/wp\/v2\/pages\/765\"><noscript class=\"wpforms-error-noscript\">Por favor, activa JavaScript en tu navegador para completar este formulario.<\/noscript><div id=\"wpforms-error-noscript\" style=\"display: none;\">Por favor, activa JavaScript en tu navegador para completar este formulario.<\/div><div class=\"wpforms-field-container\"><div id=\"wpforms-378-field_0-container\" class=\"wpforms-field wpforms-field-name\" data-field-id=\"0\"><label class=\"wpforms-field-label wpforms-label-hide\" for=\"wpforms-378-field_0\" aria-hidden=\"false\">Nombre <span class=\"wpforms-required-label\" aria-hidden=\"true\">*<\/span><\/label><input type=\"text\" id=\"wpforms-378-field_0\" class=\"wpforms-field-large wpforms-field-required\" name=\"wpforms[fields][0]\" placeholder=\"Nombre\" aria-errormessage=\"wpforms-378-field_0-error\" required><\/div><div id=\"wpforms-378-field_1-container\" class=\"wpforms-field wpforms-field-email\" data-field-id=\"1\"><label class=\"wpforms-field-label wpforms-label-hide\" for=\"wpforms-378-field_1\" aria-hidden=\"false\">Direcci\u00f3n de correo electr\u00f3nico <span class=\"wpforms-required-label\" aria-hidden=\"true\">*<\/span><\/label><input type=\"email\" id=\"wpforms-378-field_1\" class=\"wpforms-field-large wpforms-field-required\" name=\"wpforms[fields][1]\" placeholder=\"Direcci\u00f3n de correo electr\u00f3nico\" spellcheck=\"false\" aria-errormessage=\"wpforms-378-field_1-error\" required><\/div><div id=\"wpforms-378-field_2-container\" class=\"wpforms-field wpforms-field-textarea\" data-field-id=\"2\"><label class=\"wpforms-field-label wpforms-label-hide\" for=\"wpforms-378-field_2\" aria-hidden=\"false\">Comentario o mensaje <span class=\"wpforms-required-label\" aria-hidden=\"true\">*<\/span><\/label><textarea id=\"wpforms-378-field_2\" class=\"wpforms-field-medium wpforms-field-required\" name=\"wpforms[fields][2]\" placeholder=\"Comentario o mensaje\" aria-errormessage=\"wpforms-378-field_2-error\" required><\/textarea><\/div><\/div><!-- .wpforms-field-container --><div class=\"wpforms-submit-container\" ><input type=\"hidden\" name=\"wpforms[id]\" value=\"378\"><input type=\"hidden\" name=\"page_title\" value=\"\"><input type=\"hidden\" name=\"page_url\" value=\"https:\/\/mornarchitects.com\/sp\/wp-json\/wp\/v2\/pages\/765\"><input type=\"hidden\" name=\"url_referer\" value=\"\"><button type=\"submit\" name=\"wpforms[submit]\" id=\"wpforms-submit-378\" class=\"wpforms-submit\" data-alt-text=\"Sending...\" data-submit-text=\"Send Message\" aria-live=\"assertive\" value=\"wpforms-submit\">Enviar mensaje<\/button><\/div><input type=\"hidden\" name=\"trp-form-language\" value=\"sp\"\/><\/form><\/div>  <!-- .wpforms-container --><\/div><\/div><\/div>\n<\/div><\/div>\n\n\n\n<div class=\"wp-block-stackable-spacer stk-block-spacer stk--no-padding stk-block stk-6a8268d\" data-block-id=\"6a8268d\"><style>.stk-6a8268d {height:100px !important;}@media screen and (max-width: 1023px){.stk-6a8268d {height:100px !important;}}@media screen and (max-width: 767px){.stk-6a8268d {height:50px !important;}}<\/style><\/div>\n\n\n\n<div class=\"wp-block-stackable-columns alignwide stk-block-columns stk-block stk-a5bc981 ct-special-features\" data-block-id=\"a5bc981\"><style>.stk-a5bc981 {margin-bottom:0px !important;}.stk-a5bc981-column{--stk-columns-spacing:0px !important;--stk-column-gap:24px !important;row-gap:35px !important;}@media screen and (max-width: 1023px){.stk-a5bc981-column{--stk-column-gap:25px !important;}}<\/style><div class=\"stk-row stk-inner-blocks stk-block-content stk-content-align stk-a5bc981-column alignwide\">\n<div class=\"wp-block-stackable-column stk-block-column stk-column stk-block stk-622c7a4 stk-block-background\" data-v=\"4\" data-block-id=\"622c7a4\"><style>.stk-622c7a4-container{margin-top:0px !important;margin-right:0px !important;margin-bottom:0px !important;margin-left:0px !important;}.stk-622c7a4 {background-color:#ffffff !important;border-top-left-radius:8px !important;border-top-right-radius:8px !important;border-bottom-right-radius:8px !important;border-bottom-left-radius:8px !important;overflow:hidden !important;}.stk-622c7a4:hover{background-color:var(--theme-palette-color-1, #e65616) !important;}.stk-622c7a4:before{background-color:#ffffff !important;}.stk-622c7a4:hover:before{background-color:var(--theme-palette-color-1, #e65616) !important;}@media screen and (min-width: 768px){.stk-622c7a4 {flex:var(--stk-flex-grow, 1) 1 calc(33.333% - var(--stk-column-gap, 0px) * 2 \/ 3 ) !important;}}@media screen and (max-width: 1023px){.stk-622c7a4 {padding-top:40px !important;padding-right:25px !important;padding-bottom:40px !important;padding-left:25px !important;}}<\/style><div class=\"stk-column-wrapper stk-block-column__content stk-container stk-622c7a4-container stk--no-background stk--no-padding\"><div class=\"has-text-align-center stk-block-content stk-inner-blocks stk-622c7a4-inner-blocks\">\n<div class=\"wp-block-stackable-icon stk-block-icon has-text-align-center stk-block stk-ea85267\" data-block-id=\"ea85267\"><style>.stk-ea85267 {margin-bottom:30px !important;}.stk-ea85267 .stk--svg-wrapper .stk--inner-svg svg:last-child{height:45px !important;width:45px !important;}.stk-ea85267 .stk--svg-wrapper .stk--inner-svg svg:last-child, .stk-ea85267 .stk--svg-wrapper .stk--inner-svg svg:last-child :is(g, path, rect, polygon, ellipse){fill:#000000 !important;}@media screen and (max-width: 1023px){.stk-ea85267 .stk--svg-wrapper .stk--inner-svg svg:last-child{height:30px !important;width:30px !important;}}<\/style><span class=\"stk--svg-wrapper\"><div class=\"stk--inner-svg\"><svg style=\"height:0;width:0\"><defs><lineargradient id=\"linear-gradient-ea85267\" x1=\"0\" x2=\"100%\" y1=\"0\" y2=\"0\"><stop offset=\"0%\" style=\"stop-opacity:1;stop-color:var(--linear-gradient-ea-85267-color-1)\"><\/stop><stop offset=\"100%\" style=\"stop-opacity:1;stop-color:var(--linear-gradient-ea-85267-color-2)\"><\/stop><\/lineargradient><\/defs><\/svg><svg class=\"ugb-custom-icon\" xmlns=\"http:\/\/www.w3.org\/2000\/svg\" viewbox=\"0 0 50 50\" aria-hidden=\"true\" width=\"32\" height=\"32\">\n  <path d=\"M38.5 5.5C34.9 1.9 30 0 24.8 0 14.2.1 5.6 8.8 5.7 19.5c0 8.1 10.3 21.7 16.4 29.1.2.2.3.4.5.5.7.6 1.6.9 2.4.9 1.1 0 2.2-.5 3-1.4 6.1-7.4 16.4-21 16.4-29.1v-.4c-.1-5.1-2.2-9.9-5.9-13.6zm1.6 14c0 5.6-7.7 17-15 26-7.3-9-15.1-20.4-15.1-26 0-4 1.5-7.8 4.3-10.7 2.8-2.9 6.6-4.5 10.6-4.5h.1c4 0 7.7 1.5 10.5 4.3 2.9 2.8 4.5 6.6 4.5 10.6v.3zm-10.1.1c0 2.7-2.1 4.9-4.8 5-2.7 0-4.9-2.1-5-4.8v-.1c0-2.7 2.1-4.9 4.8-4.9 2.7-.1 4.9 2.1 5 4.8z\" fill=\"#fff\"><\/path>\n<\/svg><\/div><\/span><\/div>\n\n\n\n<div class=\"wp-block-stackable-heading stk-block-heading stk-block-heading--v2 stk-block stk-592ef48\" id=\"address\" data-block-id=\"592ef48\"><style>.stk-592ef48 {margin-bottom:16px !important;}.stk-592ef48 .stk-block-heading__text{font-weight:800 !important;}<\/style><h5 class=\"stk-block-heading__text\">Direcci\u00f3n<\/h5><\/div>\n\n\n\n<p class=\"has-text-align-center has-palette-color-4-color has-text-color has-small-font-size\">Worlwide<\/p>\n<\/div><\/div><\/div>\n\n\n\n<div class=\"wp-block-stackable-column stk-block-column stk-column stk-block stk-92b5a22 stk-block-background\" data-v=\"4\" data-block-id=\"92b5a22\"><style>.stk-92b5a22-container{margin-top:0px !important;margin-right:0px !important;margin-bottom:0px !important;margin-left:0px !important;}.stk-92b5a22 {background-color:var(--theme-palette-color-8, #ffffff) !important;border-top-left-radius:8px !important;border-top-right-radius:8px !important;border-bottom-right-radius:8px !important;border-bottom-left-radius:8px !important;overflow:hidden !important;}.stk-92b5a22:hover{background-color:var(--theme-palette-color-1, #e65616) !important;}.stk-92b5a22:before{background-color:var(--theme-palette-color-8, #ffffff) !important;}.stk-92b5a22:hover:before{background-color:var(--theme-palette-color-1, #e65616) !important;}@media screen and (min-width: 768px){.stk-92b5a22 {flex:var(--stk-flex-grow, 1) 1 calc(35.8% - var(--stk-column-gap, 0px) * 2 \/ 3 ) !important;}}@media screen and (max-width: 1023px){.stk-92b5a22 {padding-top:40px !important;padding-right:25px !important;padding-bottom:40px !important;padding-left:25px !important;}}<\/style><div class=\"stk-column-wrapper stk-block-column__content stk-container stk-92b5a22-container stk--no-background stk--no-padding\"><div class=\"has-text-align-center stk-block-content stk-inner-blocks stk-92b5a22-inner-blocks\">\n<div class=\"wp-block-stackable-icon stk-block-icon has-text-align-center stk-block stk-d34828e\" data-block-id=\"d34828e\"><style>.stk-d34828e {margin-bottom:30px !important;}.stk-d34828e .stk--svg-wrapper .stk--inner-svg svg:last-child{height:45px !important;width:45px !important;}.stk-d34828e .stk--svg-wrapper .stk--inner-svg svg:last-child, .stk-d34828e .stk--svg-wrapper .stk--inner-svg svg:last-child :is(g, path, rect, polygon, ellipse){fill:#000000 !important;}@media screen and (max-width: 1023px){.stk-d34828e .stk--svg-wrapper .stk--inner-svg svg:last-child{height:30px !important;width:30px !important;}}<\/style><span class=\"stk--svg-wrapper\"><div class=\"stk--inner-svg\"><svg style=\"height:0;width:0\"><defs><lineargradient id=\"linear-gradient-d34828e\" x1=\"0\" x2=\"100%\" y1=\"0\" y2=\"0\"><stop offset=\"0%\" style=\"stop-opacity:1;stop-color:var(--linear-gradient-d-34828-e-color-1)\"><\/stop><stop offset=\"100%\" style=\"stop-opacity:1;stop-color:var(--linear-gradient-d-34828-e-color-2)\"><\/stop><\/lineargradient><\/defs><\/svg><svg class=\"ugb-custom-icon\" xmlns=\"http:\/\/www.w3.org\/2000\/svg\" viewbox=\"0 0 50 50\" aria-hidden=\"true\" width=\"32\" height=\"32\">\n  <path d=\"M50 16.4V8c0-1.2-1-2.2-2.2-2.2H2.2C1 5.8 0 6.8 0 8v34c0 1.2 1 2.2 2.2 2.2h45.6c1.2 0 2.2-1 2.2-2.2V16.6v-.2zm-4.4-6.2v5.1L25 28.3l-20.6-13v-5.1h41.2zM4.4 39.8V20.4l19.4 12.3c.4.2.8.3 1.2.3.4 0 .8-.1 1.2-.3l19.5-12.3v19.4H4.4z\" fill=\"#fff\"><\/path>\n<\/svg><\/div><\/span><\/div>\n\n\n\n<div class=\"wp-block-stackable-heading stk-block-heading stk-block-heading--v2 stk-block stk-9334345\" id=\"email\" data-block-id=\"9334345\"><style>.stk-9334345 {margin-bottom:16px !important;}.stk-9334345 .stk-block-heading__text{font-weight:800 !important;}<\/style><h5 class=\"stk-block-heading__text\">Email<\/h5><\/div>\n\n\n\n<p class=\"has-text-align-center has-palette-color-4-color has-text-color\">info@mornarchitects.com<\/p>\n<\/div><\/div><\/div>\n\n\n\n<div class=\"wp-block-stackable-column stk-block-column stk-column stk-block stk-5dedb98 stk-block-background\" data-v=\"4\" data-block-id=\"5dedb98\"><style>.stk-5dedb98-container{margin-top:0px !important;margin-right:auto !important;margin-bottom:0px !important;margin-left:auto !important;min-height:0px !important;max-width:816px !important;min-width:auto !important;padding-top:0px !important;padding-right:0px !important;padding-bottom:0px !important;padding-left:0px !important;}.stk-5dedb98-inner-blocks{row-gap:0px !important;}.stk-5dedb98 {background-color:var(--theme-palette-color-8, #ffffff) !important;border-top-left-radius:8px !important;border-top-right-radius:8px !important;border-bottom-right-radius:8px !important;border-bottom-left-radius:8px !important;overflow:hidden !important;min-height:0px !important;max-width:1500px !important;min-width:auto !important;}.stk-5dedb98:hover{background-color:var(--theme-palette-color-1, #e65616) !important;}.stk-5dedb98:before{background-color:var(--theme-palette-color-8, #ffffff) !important;}.stk-5dedb98:hover:before{background-color:var(--theme-palette-color-1, #e65616) !important;}@media screen and (min-width: 768px){.stk-5dedb98 {flex:var(--stk-flex-grow, 1) 1 calc(30.86700000000002% - var(--stk-column-gap, 0px) * 2 \/ 3 ) !important;}}@media screen and (max-width: 1023px){.stk-5dedb98 {padding-top:40px !important;padding-right:25px !important;padding-bottom:40px !important;padding-left:25px !important;}}<\/style><div class=\"stk-column-wrapper stk-block-column__content stk-container stk-5dedb98-container stk--no-background stk--no-padding\"><div class=\"has-text-align-center stk-block-content stk-inner-blocks stk-5dedb98-inner-blocks\">\n<div class=\"wp-block-stackable-icon stk-block-icon has-text-align-center stk-block stk-a02b7b8\" data-block-id=\"a02b7b8\"><style>.stk-a02b7b8 {margin-bottom:30px !important;}.stk-a02b7b8 .stk--svg-wrapper .stk--inner-svg svg:last-child{height:45px !important;width:45px !important;}.stk-a02b7b8 .stk--svg-wrapper .stk--inner-svg svg:last-child, .stk-a02b7b8 .stk--svg-wrapper .stk--inner-svg svg:last-child :is(g, path, rect, polygon, ellipse){fill:#000000 !important;}@media screen and (max-width: 1023px){.stk-a02b7b8 .stk--svg-wrapper .stk--inner-svg svg:last-child{height:30px !important;width:30px !important;}}<\/style><span class=\"stk--svg-wrapper\"><div class=\"stk--inner-svg\"><svg style=\"height:0;width:0\"><defs><lineargradient id=\"linear-gradient-a02b7b8\" x1=\"0\" x2=\"100%\" y1=\"0\" y2=\"0\"><stop offset=\"0%\" style=\"stop-opacity:1;stop-color:var(--linear-gradient-a-02-b-7-b-8-color-1)\"><\/stop><stop offset=\"100%\" style=\"stop-opacity:1;stop-color:var(--linear-gradient-a-02-b-7-b-8-color-2)\"><\/stop><\/lineargradient><\/defs><\/svg><svg class=\"ugb-custom-icon\" xmlns=\"http:\/\/www.w3.org\/2000\/svg\" viewbox=\"0 0 50 50\" aria-hidden=\"true\" width=\"32\" height=\"32\">\n  <path d=\"M36.9 50c-4.9 0-12.6-2.7-23.4-13.6C6.2 29.1 1.8 22.5.5 16.7-1 10.5 1.4 7.2 2.6 6l4.7-4.7c1.7-1.7 4.5-1.7 6.3 0 .1.1.2.3.3.4l6.8 8.8c1.4 1.8 1.2 4.3-.4 5.9l-2.5 2.5c-.2.3-.3.7-.3 1.1v.2c.1 1.2 2.1 4.8 4.7 7.5 2.7 2.7 6.3 4.7 7.5 4.7h.2c.4.1.8 0 1.1-.3l2.5-2.5c1.6-1.6 4.1-1.7 5.9-.3l8.7 6.8c.9.8 1.5 1.8 1.7 3 .1 1.2-.2 2.3-.9 3.3-.1.1-.2.3-.3.4l-4.7 4.7c-.7.7-2.9 2.5-7 2.5zM10.4 4.2c-.1 0-.1 0-.2.1L5.5 9c-.5.5-2 2.4-1 6.8.8 3.5 3.6 9.3 11.9 17.7 14 14 22.2 13.3 24.5 11l4.7-4.7c.1-.1.1-.3 0-.4L37 32.6c-.1-.1-.3-.1-.4 0L34 35.2c-.1.1-.1.1-.2.1-1.2 1-2.8 1.4-4.3 1.2-2.8-.2-7.3-3.2-10.1-6s-5.8-7.3-6-10.1c-.2-1.5.3-3.1 1.2-4.3 0-.1.1-.1.2-.2l2.6-2.6c.1-.1.1-.2 0-.3l-6.8-8.8h-.2zM4 7.5z\" fill=\"#fff\"><\/path>\n<\/svg><\/div><\/span><\/div>\n\n\n\n<div class=\"wp-block-stackable-heading stk-block-heading stk-block-heading--v2 stk-block stk-583731d\" id=\"phone\" data-block-id=\"583731d\"><style>.stk-583731d {margin-bottom:16px !important;}.stk-583731d .stk-block-heading__text{font-weight:800 !important;}<\/style><h5 class=\"stk-block-heading__text\">Tel\u00e9fono<\/h5><\/div>\n\n\n\n<p class=\"has-palette-color-4-color has-text-color\">+34 623 96 26 61<\/p>\n<\/div><\/div><\/div>\n<\/div><\/div>\n\n\n\n<ul class=\"wp-block-social-links has-huge-icon-size has-icon-color has-icon-background-color is-style-default is-horizontal is-content-justification-center is-layout-flex wp-container-core-social-links-is-layout-1cbd978c wp-block-social-links-is-layout-flex\" style=\"margin-top:0;margin-right:0;margin-bottom:0;margin-left:0\"><li style=\"color:#000000;background-color:#ffffff;\" class=\"wp-social-link wp-social-link-instagram has-primary-color has-background-background-color wp-block-social-link\"><a href=\"https:\/\/www.instagram.com\/morn_architects\/\" class=\"wp-block-social-link-anchor\"><svg width=\"24\" height=\"24\" viewbox=\"0 0 24 24\" version=\"1.1\" xmlns=\"http:\/\/www.w3.org\/2000\/svg\" aria-hidden=\"true\" focusable=\"false\"><path d=\"M12,4.622c2.403,0,2.688,0.009,3.637,0.052c0.877,0.04,1.354,0.187,1.671,0.31c0.42,0.163,0.72,0.358,1.035,0.673 c0.315,0.315,0.51,0.615,0.673,1.035c0.123,0.317,0.27,0.794,0.31,1.671c0.043,0.949,0.052,1.234,0.052,3.637 s-0.009,2.688-0.052,3.637c-0.04,0.877-0.187,1.354-0.31,1.671c-0.163,0.42-0.358,0.72-0.673,1.035 c-0.315,0.315-0.615,0.51-1.035,0.673c-0.317,0.123-0.794,0.27-1.671,0.31c-0.949,0.043-1.233,0.052-3.637,0.052 s-2.688-0.009-3.637-0.052c-0.877-0.04-1.354-0.187-1.671-0.31c-0.42-0.163-0.72-0.358-1.035-0.673 c-0.315-0.315-0.51-0.615-0.673-1.035c-0.123-0.317-0.27-0.794-0.31-1.671C4.631,14.688,4.622,14.403,4.622,12 s0.009-2.688,0.052-3.637c0.04-0.877,0.187-1.354,0.31-1.671c0.163-0.42,0.358-0.72,0.673-1.035 c0.315-0.315,0.615-0.51,1.035-0.673c0.317-0.123,0.794-0.27,1.671-0.31C9.312,4.631,9.597,4.622,12,4.622 M12,3 C9.556,3,9.249,3.01,8.289,3.054C7.331,3.098,6.677,3.25,6.105,3.472C5.513,3.702,5.011,4.01,4.511,4.511 c-0.5,0.5-0.808,1.002-1.038,1.594C3.25,6.677,3.098,7.331,3.054,8.289C3.01,9.249,3,9.556,3,12c0,2.444,0.01,2.751,0.054,3.711 c0.044,0.958,0.196,1.612,0.418,2.185c0.23,0.592,0.538,1.094,1.038,1.594c0.5,0.5,1.002,0.808,1.594,1.038 c0.572,0.222,1.227,0.375,2.185,0.418C9.249,20.99,9.556,21,12,21s2.751-0.01,3.711-0.054c0.958-0.044,1.612-0.196,2.185-0.418 c0.592-0.23,1.094-0.538,1.594-1.038c0.5-0.5,0.808-1.002,1.038-1.594c0.222-0.572,0.375-1.227,0.418-2.185 C20.99,14.751,21,14.444,21,12s-0.01-2.751-0.054-3.711c-0.044-0.958-0.196-1.612-0.418-2.185c-0.23-0.592-0.538-1.094-1.038-1.594 c-0.5-0.5-1.002-0.808-1.594-1.038c-0.572-0.222-1.227-0.375-2.185-0.418C14.751,3.01,14.444,3,12,3L12,3z M12,7.378 c-2.552,0-4.622,2.069-4.622,4.622S9.448,16.622,12,16.622s4.622-2.069,4.622-4.622S14.552,7.378,12,7.378z M12,15 c-1.657,0-3-1.343-3-3s1.343-3,3-3s3,1.343,3,3S13.657,15,12,15z M16.804,6.116c-0.596,0-1.08,0.484-1.08,1.08 s0.484,1.08,1.08,1.08c0.596,0,1.08-0.484,1.08-1.08S17.401,6.116,16.804,6.116z\"><\/path><\/svg><span class=\"wp-block-social-link-label screen-reader-text\">Instagram<\/span><\/a><\/li>\n\n<li style=\"color:#000000;background-color:#ffffff;\" class=\"wp-social-link wp-social-link-behance has-primary-color has-background-background-color wp-block-social-link\"><a href=\"https:\/\/www.behance.net\/Morn_\" class=\"wp-block-social-link-anchor\"><svg width=\"24\" height=\"24\" viewbox=\"0 0 24 24\" version=\"1.1\" xmlns=\"http:\/\/www.w3.org\/2000\/svg\" aria-hidden=\"true\" focusable=\"false\"><path d=\"M7.799,5.698c0.589,0,1.12,0.051,1.606,0.156c0.482,0.102,0.894,0.273,1.241,0.507c0.344,0.235,0.612,0.546,0.804,0.938 c0.188,0.387,0.281,0.871,0.281,1.443c0,0.619-0.141,1.137-0.421,1.551c-0.284,0.413-0.7,0.751-1.255,1.014 c0.756,0.218,1.317,0.601,1.689,1.146c0.374,0.549,0.557,1.205,0.557,1.975c0,0.623-0.12,1.161-0.359,1.612 c-0.241,0.457-0.569,0.828-0.973,1.114c-0.408,0.288-0.876,0.5-1.399,0.637C9.052,17.931,8.514,18,7.963,18H2V5.698H7.799 M7.449,10.668c0.481,0,0.878-0.114,1.192-0.345c0.311-0.228,0.463-0.603,0.463-1.119c0-0.286-0.051-0.523-0.152-0.707 C8.848,8.315,8.711,8.171,8.536,8.07C8.362,7.966,8.166,7.894,7.94,7.854c-0.224-0.044-0.457-0.06-0.697-0.06H4.709v2.874H7.449z M7.6,15.905c0.267,0,0.521-0.024,0.759-0.077c0.243-0.053,0.457-0.137,0.637-0.261c0.182-0.12,0.332-0.283,0.441-0.491 C9.547,14.87,9.6,14.602,9.6,14.278c0-0.633-0.18-1.084-0.533-1.357c-0.356-0.27-0.83-0.404-1.413-0.404H4.709v3.388L7.6,15.905z M16.162,15.864c0.367,0.358,0.897,0.538,1.583,0.538c0.493,0,0.92-0.125,1.277-0.374c0.354-0.248,0.571-0.514,0.654-0.79h2.155 c-0.347,1.072-0.872,1.838-1.589,2.299C19.534,18,18.67,18.23,17.662,18.23c-0.701,0-1.332-0.113-1.899-0.337 c-0.567-0.227-1.041-0.544-1.439-0.958c-0.389-0.415-0.689-0.907-0.904-1.484c-0.213-0.574-0.32-1.21-0.32-1.899 c0-0.666,0.11-1.288,0.329-1.863c0.222-0.577,0.529-1.075,0.933-1.492c0.406-0.42,0.885-0.751,1.444-0.994 c0.558-0.241,1.175-0.363,1.857-0.363c0.754,0,1.414,0.145,1.98,0.44c0.563,0.291,1.026,0.686,1.389,1.181 c0.363,0.493,0.622,1.057,0.783,1.69c0.16,0.632,0.217,1.292,0.171,1.983h-6.428C15.557,14.84,15.795,15.506,16.162,15.864 M18.973,11.184c-0.291-0.321-0.783-0.496-1.384-0.496c-0.39,0-0.714,0.066-0.973,0.2c-0.254,0.132-0.461,0.297-0.621,0.491 c-0.157,0.197-0.265,0.405-0.328,0.628c-0.063,0.217-0.101,0.413-0.111,0.587h3.98C19.478,11.969,19.265,11.509,18.973,11.184z M15.057,7.738h4.985V6.524h-4.985L15.057,7.738z\"><\/path><\/svg><span class=\"wp-block-social-link-label screen-reader-text\">Behance<\/span><\/a><\/li>\n\n<li style=\"color:#000000;background-color:#ffffff;\" class=\"wp-social-link wp-social-link-facebook has-primary-color has-background-background-color wp-block-social-link\"><a href=\"https:\/\/www.facebook.com\/MornArchitects\" class=\"wp-block-social-link-anchor\"><svg width=\"24\" height=\"24\" viewbox=\"0 0 24 24\" version=\"1.1\" xmlns=\"http:\/\/www.w3.org\/2000\/svg\" aria-hidden=\"true\" focusable=\"false\"><path d=\"M12 2C6.5 2 2 6.5 2 12c0 5 3.7 9.1 8.4 9.9v-7H7.9V12h2.5V9.8c0-2.5 1.5-3.9 3.8-3.9 1.1 0 2.2.2 2.2.2v2.5h-1.3c-1.2 0-1.6.8-1.6 1.6V12h2.8l-.4 2.9h-2.3v7C18.3 21.1 22 17 22 12c0-5.5-4.5-10-10-10z\"><\/path><\/svg><span class=\"wp-block-social-link-label screen-reader-text\">Facebook<\/span><\/a><\/li>\n\n<li style=\"color:#000000;background-color:#ffffff;\" class=\"wp-social-link wp-social-link-linkedin has-primary-color has-background-background-color wp-block-social-link\"><a href=\"https:\/\/www.linkedin.com\/company\/morn-architects\" class=\"wp-block-social-link-anchor\"><svg width=\"24\" height=\"24\" viewbox=\"0 0 24 24\" version=\"1.1\" xmlns=\"http:\/\/www.w3.org\/2000\/svg\" aria-hidden=\"true\" focusable=\"false\"><path d=\"M19.7,3H4.3C3.582,3,3,3.582,3,4.3v15.4C3,20.418,3.582,21,4.3,21h15.4c0.718,0,1.3-0.582,1.3-1.3V4.3 C21,3.582,20.418,3,19.7,3z M8.339,18.338H5.667v-8.59h2.672V18.338z M7.004,8.574c-0.857,0-1.549-0.694-1.549-1.548 c0-0.855,0.691-1.548,1.549-1.548c0.854,0,1.547,0.694,1.547,1.548C8.551,7.881,7.858,8.574,7.004,8.574z M18.339,18.338h-2.669 v-4.177c0-0.996-0.017-2.278-1.387-2.278c-1.389,0-1.601,1.086-1.601,2.206v4.249h-2.667v-8.59h2.559v1.174h0.037 c0.356-0.675,1.227-1.387,2.526-1.387c2.703,0,3.203,1.779,3.203,4.092V18.338z\"><\/path><\/svg><span class=\"wp-block-social-link-label screen-reader-text\">LinkedIn<\/span><\/a><\/li><\/ul>\n\n\n\n<div class=\"wp-block-stackable-divider stk-block-divider stk-block stk-f5ae26c\" data-block-id=\"f5ae26c\"><style>.stk-f5ae26c {margin-bottom:50px !important;}<\/style><hr class=\"stk-block-divider__hr\"\/><\/div>\n\n\n\n<div class=\"wp-block-stackable-image stk-block-image stk-block stk-ad96378\" data-block-id=\"ad96378\"><style>.stk-ad96378 {min-height:0px !important;}.stk-ad96378 .stk-img-wrapper{--stk-gradient-overlay:0.3 !important;}<\/style><figure><a class=\"stk-link\" href=\"https:\/\/mornarchitects.com\/sp\/\"><span class=\"stk-img-wrapper stk-image--shape-stretch\"><img loading=\"lazy\" decoding=\"async\" class=\"stk-img wp-image-689\" src=\"http:\/\/mornarchitects.com\/wp-content\/uploads\/2024\/01\/LOGO-1-scaled.gif\" width=\"2560\" height=\"640\"\/><\/span><\/a><\/figure><\/div>","protected":false},"excerpt":{"rendered":"<p>Get in Touch Let\u2019s talk about your project At Morn we deeply value the opportunity to be in contact with you. If you have any enquiries about our services, proposals for collaboration or any other questions related to architecture and design, please feel free to use the contact details below. Address\u200b Worlwide Email info@mornarchitects.com Phone [&hellip;]<\/p>","protected":false},"author":1,"featured_media":0,"parent":0,"menu_order":0,"comment_status":"closed","ping_status":"closed","template":"","meta":{"om_disable_all_campaigns":false,"_monsterinsights_skip_tracking":false,"_monsterinsights_sitenote_active":false,"_monsterinsights_sitenote_note":"","_monsterinsights_sitenote_category":0,"_vp_format_video_url":"","_vp_image_focal_point":[],"footnotes":""},"class_list":["post-765","page","type-page","status-publish","hentry"],"aioseo_notices":[],"_links":{"self":[{"href":"https:\/\/mornarchitects.com\/sp\/wp-json\/wp\/v2\/pages\/765","targetHints":{"allow":["GET"]}}],"collection":[{"href":"https:\/\/mornarchitects.com\/sp\/wp-json\/wp\/v2\/pages"}],"about":[{"href":"https:\/\/mornarchitects.com\/sp\/wp-json\/wp\/v2\/types\/page"}],"author":[{"embeddable":true,"href":"https:\/\/mornarchitects.com\/sp\/wp-json\/wp\/v2\/users\/1"}],"replies":[{"embeddable":true,"href":"https:\/\/mornarchitects.com\/sp\/wp-json\/wp\/v2\/comments?post=765"}],"version-history":[{"count":23,"href":"https:\/\/mornarchitects.com\/sp\/wp-json\/wp\/v2\/pages\/765\/revisions"}],"predecessor-version":[{"id":1147,"href":"https:\/\/mornarchitects.com\/sp\/wp-json\/wp\/v2\/pages\/765\/revisions\/1147"}],"wp:attachment":[{"href":"https:\/\/mornarchitects.com\/sp\/wp-json\/wp\/v2\/media?parent=765"}],"curies":[{"name":"wp","href":"https:\/\/api.w.org\/{rel}","templated":true}]}}